{"id":130,"date":"2023-04-13T13:15:22","date_gmt":"2023-04-13T16:15:22","guid":{"rendered":"https:\/\/lupatributaria.wordpress.com\/?page_id=130"},"modified":"2023-04-13T13:15:22","modified_gmt":"2023-04-13T16:15:22","slug":"transacao-tributaria","status":"publish","type":"page","link":"https:\/\/lupatributaria.com.br\/?page_id=130","title":{"rendered":"Transa\u00e7\u00e3o Tribut\u00e1ria"},"content":{"rendered":"","protected":false},"excerpt":{"rendered":"","protected":false},"author":2,"featured_media":0,"parent":0,"menu_order":0,"comment_status":"closed","ping_status":"closed","template":"","meta":{"footnotes":""},"class_list":["post-130","page","type-page","status-publish","hentry"],"blog_post_layout_featured_media_urls":{"thumbnail":"","full":""},"categories_names":null,"comments_number":"0","rttpg_featured_image_url":null,"rttpg_author":{"display_name":"Vinicius Augustus de Vasconcelos Rezende Alves","author_link":"https:\/\/lupatributaria.com.br\/?author=2"},"rttpg_comment":0,"rttpg_category":null,"rttpg_excerpt":null,"_links":{"self":[{"href":"https:\/\/lupatributaria.com.br\/index.php?rest_route=\/wp\/v2\/pages\/130","targetHints":{"allow":["GET"]}}],"collection":[{"href":"https:\/\/lupatributaria.com.br\/index.php?rest_route=\/wp\/v2\/pages"}],"about":[{"href":"https:\/\/lupatributaria.com.br\/index.php?rest_route=\/wp\/v2\/types\/page"}],"author":[{"embeddable":true,"href":"https:\/\/lupatributaria.com.br\/index.php?rest_route=\/wp\/v2\/users\/2"}],"replies":[{"embeddable":true,"href":"https:\/\/lupatributaria.com.br\/index.php?rest_route=%2Fwp%2Fv2%2Fcomments&post=130"}],"version-history":[{"count":0,"href":"https:\/\/lupatributaria.com.br\/index.php?rest_route=\/wp\/v2\/pages\/130\/revisions"}],"wp:attachment":[{"href":"https:\/\/lupatributaria.com.br\/index.php?rest_route=%2Fwp%2Fv2%2Fmedia&parent=130"}],"curies":[{"name":"wp","href":"https:\/\/api.w.org\/{rel}","templated":true}]}}