{"id":10,"date":"2021-07-08T15:39:43","date_gmt":"2021-07-08T18:39:43","guid":{"rendered":"https:\/\/lupatributaria.wordpress.com\/?page_id=8"},"modified":"2021-07-08T15:39:43","modified_gmt":"2021-07-08T18:39:43","slug":"contact","status":"publish","type":"page","link":"https:\/\/lupatributaria.com.br\/?page_id=10","title":{"rendered":"Contato"},"content":{"rendered":"\n<p class=\"has-text-align-left\">Vamos conversar &#128075; N\u00e3o hesite em falar conosco por meio das informa\u00e7\u00f5es de contato abaixo ou envie uma mensagem usando o formul\u00e1rio.<\/p>\n\n\n\n<div style=\"height:32px;\" aria-hidden=\"true\" class=\"wp-block-spacer desktop-only\"><\/div>\n\n\n\n<div class=\"wp-block-columns alignwide has-2-columns is-layout-flex wp-container-core-columns-is-layout-9d6595d7 wp-block-columns-is-layout-flex\">\n<div class=\"wp-block-column is-layout-flow wp-block-column-is-layout-flow\">\n<h2 class=\"has-text-align-left wp-block-heading\">Fale conosco<\/h2>\n\n\n\n<div class=\"wp-block-jetpack-contact-info\">\n<div class=\"wp-block-jetpack-address\"><div class=\"jetpack-address__address jetpack-address__address1\">Rua 10<\/div><div><span class=\"jetpack-address__city\">Cidade<\/span>, <span class=\"jetpack-address__region\"><\/span> <span class=\"jetpack-address__postal\">10100<\/span><\/div><div class=\"jetpack-address__country\">Brasil<\/div><\/div>\n\n\n\n<div class=\"wp-block-jetpack-email\"><a href=\"mailto:email@exemplo.com\">email@exemplo.com<\/a><\/div>\n\n\n\n<div class=\"wp-block-jetpack-phone\"><a href=\"tel:1234567890\">(123) 456-7890<\/a><\/div>\n<\/div>\n\n\n\n<ul class=\"wp-block-social-links is-layout-flex wp-block-social-links-is-layout-flex\">\n\n\n\n\n\n\n\n\n\n\n\n\n\n\n\n<\/ul>\n<\/div>\n\n\n\n<div class=\"wp-block-column is-layout-flow wp-block-column-is-layout-flow\">\n<h2 class=\"has-text-align-left wp-block-heading\">Envie uma mensagem para n\u00f3s<\/h2>\n\n\n\n\n\n\n\n\n\n\n<\/div>\n<\/div>\n","protected":false},"excerpt":{"rendered":"<p>Vamos conversar &#128075; N\u00e3o hesite em falar conosco por meio das informa\u00e7\u00f5es de contato abaixo ou envie uma mensagem usando o formul\u00e1rio. Fale conosco Envie uma mensagem para n\u00f3s<\/p>\n","protected":false},"author":2,"featured_media":0,"parent":0,"menu_order":0,"comment_status":"closed","ping_status":"closed","template":"","meta":{"footnotes":""},"class_list":["post-10","page","type-page","status-publish","hentry"],"blog_post_layout_featured_media_urls":{"thumbnail":"","full":""},"categories_names":null,"comments_number":"0","rttpg_featured_image_url":null,"rttpg_author":{"display_name":"Vinicius Augustus de Vasconcelos Rezende Alves","author_link":"https:\/\/lupatributaria.com.br\/?author=2"},"rttpg_comment":0,"rttpg_category":null,"rttpg_excerpt":"Vamos conversar &#128075; N\u00e3o hesite em falar conosco por meio das informa\u00e7\u00f5es de contato abaixo ou envie uma mensagem usando o formul\u00e1rio. Fale conosco Envie uma mensagem para n\u00f3s","_links":{"self":[{"href":"https:\/\/lupatributaria.com.br\/index.php?rest_route=\/wp\/v2\/pages\/10","targetHints":{"allow":["GET"]}}],"collection":[{"href":"https:\/\/lupatributaria.com.br\/index.php?rest_route=\/wp\/v2\/pages"}],"about":[{"href":"https:\/\/lupatributaria.com.br\/index.php?rest_route=\/wp\/v2\/types\/page"}],"author":[{"embeddable":true,"href":"https:\/\/lupatributaria.com.br\/index.php?rest_route=\/wp\/v2\/users\/2"}],"replies":[{"embeddable":true,"href":"https:\/\/lupatributaria.com.br\/index.php?rest_route=%2Fwp%2Fv2%2Fcomments&post=10"}],"version-history":[{"count":0,"href":"https:\/\/lupatributaria.com.br\/index.php?rest_route=\/wp\/v2\/pages\/10\/revisions"}],"wp:attachment":[{"href":"https:\/\/lupatributaria.com.br\/index.php?rest_route=%2Fwp%2Fv2%2Fmedia&parent=10"}],"curies":[{"name":"wp","href":"https:\/\/api.w.org\/{rel}","templated":true}]}}